{"id":483,"date":"2021-06-21T16:06:30","date_gmt":"2021-06-21T14:06:30","guid":{"rendered":"https:\/\/strukturierteanalysedeutschland.de\/?page_id=483"},"modified":"2024-10-15T12:02:54","modified_gmt":"2024-10-15T10:02:54","slug":"angebote","status":"publish","type":"page","link":"https:\/\/strukturierteanalysedeutschland.de\/en\/angebote\/","title":{"rendered":"Offers"},"content":{"rendered":"<div data-elementor-type=\"wp-page\" data-elementor-id=\"483\" class=\"elementor elementor-483\" data-elementor-post-type=\"page\">\n\t\t\t\t\t\t<section class=\"elementor-section elementor-top-section elementor-element elementor-element-2e76864 elementor-section-full_width elementor-section-height-default elementor-section-height-default\" data-id=\"2e76864\" data-element_type=\"section\" data-e-type=\"section\">\n\t\t\t\t\t\t<div class=\"elementor-container elementor-column-gap-default\">\n\t\t\t\t\t<div class=\"elementor-column elementor-col-100 elementor-top-column elementor-element elementor-element-6bcbb7e\" data-id=\"6bcbb7e\" data-element_type=\"column\" data-e-type=\"column\">\n\t\t\t<div class=\"elementor-widget-wrap elementor-element-populated\">\n\t\t\t\t\t\t<div class=\"elementor-element elementor-element-c09218a elementor--h-position-center elementor--v-position-middle elementor-arrows-position-inside elementor-pagination-position-inside elementor-widget elementor-widget-slides\" data-id=\"c09218a\" data-element_type=\"widget\" data-e-type=\"widget\" data-settings=\"{&quot;navigation&quot;:&quot;both&quot;,&quot;autoplay&quot;:&quot;yes&quot;,&quot;pause_on_hover&quot;:&quot;yes&quot;,&quot;pause_on_interaction&quot;:&quot;yes&quot;,&quot;autoplay_speed&quot;:5000,&quot;infinite&quot;:&quot;yes&quot;,&quot;transition&quot;:&quot;slide&quot;,&quot;transition_speed&quot;:500}\" data-widget_type=\"slides.default\">\n\t\t\t\t<div class=\"elementor-widget-container\">\n\t\t\t\t\t\t\t\t\t<div class=\"elementor-swiper\">\n\t\t\t\t\t<div class=\"elementor-slides-wrapper elementor-main-swiper swiper\" role=\"region\" aria-roledescription=\"carousel\" aria-label=\"Slides\" dir=\"ltr\" data-animation=\"fadeInUp\">\n\t\t\t\t<div class=\"swiper-wrapper elementor-slides\">\n\t\t\t\t\t\t\t\t\t\t<div class=\"elementor-repeater-item-ff1743b swiper-slide\" role=\"group\" aria-roledescription=\"slide\"><div class=\"swiper-slide-bg\" role=\"img\"><\/div><div class=\"elementor-background-overlay\"><\/div><div class=\"swiper-slide-inner\" ><div class=\"swiper-slide-contents\"><div class=\"elementor-slide-heading\">Offers<\/div><\/div><\/div><\/div>\t\t\t\t<\/div>\n\t\t\t\t\t\t\t<\/div>\n\t\t\t\t<\/div>\n\t\t\t\t\t\t\t\t<\/div>\n\t\t\t\t<\/div>\n\t\t\t\t\t<\/div>\n\t\t<\/div>\n\t\t\t\t\t<\/div>\n\t\t<\/section>\n\t\t\t\t<section class=\"elementor-section elementor-top-section elementor-element elementor-element-525350b elementor-section-boxed elementor-section-height-default elementor-section-height-default\" data-id=\"525350b\" data-element_type=\"section\" data-e-type=\"section\" data-settings=\"{&quot;background_background&quot;:&quot;classic&quot;}\">\n\t\t\t\t\t\t<div class=\"elementor-container elementor-column-gap-default\">\n\t\t\t\t\t<div class=\"elementor-column elementor-col-100 elementor-top-column elementor-element elementor-element-8be5ab7\" data-id=\"8be5ab7\" data-element_type=\"column\" data-e-type=\"column\">\n\t\t\t<div class=\"elementor-widget-wrap elementor-element-populated\">\n\t\t\t\t\t\t<section class=\"elementor-section elementor-inner-section elementor-element elementor-element-bea244c elementor-section-boxed elementor-section-height-default elementor-section-height-default\" data-id=\"bea244c\" data-element_type=\"section\" data-e-type=\"section\">\n\t\t\t\t\t\t<div class=\"elementor-container elementor-column-gap-default\">\n\t\t\t\t\t<div class=\"elementor-column elementor-col-50 elementor-inner-column elementor-element elementor-element-67d27ea\" data-id=\"67d27ea\" data-element_type=\"column\" data-e-type=\"column\" data-settings=\"{&quot;background_background&quot;:&quot;classic&quot;}\">\n\t\t\t<div class=\"elementor-widget-wrap elementor-element-populated\">\n\t\t\t\t\t\t<div class=\"elementor-element elementor-element-3b71b3c elementor-widget elementor-widget-heading\" data-id=\"3b71b3c\" data-element_type=\"widget\" data-e-type=\"widget\" data-widget_type=\"heading.default\">\n\t\t\t\t<div class=\"elementor-widget-container\">\n\t\t\t\t\t<h1 class=\"elementor-heading-title elementor-size-default\">training<\/h1>\t\t\t\t<\/div>\n\t\t\t\t<\/div>\n\t\t\t\t<div class=\"elementor-element elementor-element-ea53f39 elementor-widget elementor-widget-text-editor\" data-id=\"ea53f39\" data-element_type=\"widget\" data-e-type=\"widget\" data-widget_type=\"text-editor.default\">\n\t\t\t\t<div class=\"elementor-widget-container\">\n\t\t\t\t\t\t\t\t\t<p>In our trainings, we offer you the opportunity to develop and grow in the entire analytical spectrum. The focus is on the sound transfer of lasting competencies, as well as practice and exchange between the training participants. The portfolio includes both analog and digital learning formats that provide appealing variety and the highest possible flexibility. The careful handling of your data and the option of pseudonymous participation in digital learning formats also ensure maximum protection of your data. Embark on the exciting and rewarding journey to more critical thinking, more efficient analysis processes and more relevant analysis products.<\/p>\t\t\t\t\t\t\t\t<\/div>\n\t\t\t\t<\/div>\n\t\t\t\t<div class=\"elementor-element elementor-element-05db421 elementor-widget__width-inherit elementor-align-left elementor-tablet-align-left elementor-mobile-align-justify elementor-widget elementor-widget-button\" data-id=\"05db421\" data-element_type=\"widget\" data-e-type=\"widget\" data-widget_type=\"button.default\">\n\t\t\t\t<div class=\"elementor-widget-container\">\n\t\t\t\t\t\t\t\t\t<div class=\"elementor-button-wrapper\">\n\t\t\t\t\t<a class=\"elementor-button elementor-button-link elementor-size-md elementor-animation-grow\" href=\"https:\/\/strukturierteanalysedeutschland.de\/en\/shop\/\">\n\t\t\t\t\t\t<span class=\"elementor-button-content-wrapper\">\n\t\t\t\t\t\t<span class=\"elementor-button-icon\">\n\t\t\t\t<i aria-hidden=\"true\" class=\"fas fa-angle-right\"><\/i>\t\t\t<\/span>\n\t\t\t\t\t\t\t\t\t<span class=\"elementor-button-text\">To our Trainings<\/span>\n\t\t\t\t\t<\/span>\n\t\t\t\t\t<\/a>\n\t\t\t\t<\/div>\n\t\t\t\t\t\t\t\t<\/div>\n\t\t\t\t<\/div>\n\t\t\t\t\t<\/div>\n\t\t<\/div>\n\t\t\t\t<div class=\"elementor-column elementor-col-50 elementor-inner-column elementor-element elementor-element-4daa6bc\" data-id=\"4daa6bc\" data-element_type=\"column\" data-e-type=\"column\" data-settings=\"{&quot;background_background&quot;:&quot;classic&quot;}\">\n\t\t\t<div class=\"elementor-widget-wrap elementor-element-populated\">\n\t\t\t\t\t\t<div class=\"elementor-element elementor-element-c980b06 elementor-widget elementor-widget-spacer\" data-id=\"c980b06\" data-element_type=\"widget\" data-e-type=\"widget\" data-widget_type=\"spacer.default\">\n\t\t\t\t<div class=\"elementor-widget-container\">\n\t\t\t\t\t\t\t<div class=\"elementor-spacer\">\n\t\t\t<div class=\"elementor-spacer-inner\"><\/div>\n\t\t<\/div>\n\t\t\t\t\t\t<\/div>\n\t\t\t\t<\/div>\n\t\t\t\t\t<\/div>\n\t\t<\/div>\n\t\t\t\t\t<\/div>\n\t\t<\/section>\n\t\t\t\t<section class=\"elementor-section elementor-inner-section elementor-element elementor-element-e8e6608 elementor-reverse-tablet elementor-reverse-mobile elementor-section-boxed elementor-section-height-default elementor-section-height-default\" data-id=\"e8e6608\" data-element_type=\"section\" data-e-type=\"section\">\n\t\t\t\t\t\t<div class=\"elementor-container elementor-column-gap-default\">\n\t\t\t\t\t<div class=\"elementor-column elementor-col-50 elementor-inner-column elementor-element elementor-element-67301d4\" data-id=\"67301d4\" data-element_type=\"column\" data-e-type=\"column\" data-settings=\"{&quot;background_background&quot;:&quot;classic&quot;}\">\n\t\t\t<div class=\"elementor-widget-wrap elementor-element-populated\">\n\t\t\t\t\t\t<div class=\"elementor-element elementor-element-aec0cd7 elementor-widget elementor-widget-spacer\" data-id=\"aec0cd7\" data-element_type=\"widget\" data-e-type=\"widget\" data-widget_type=\"spacer.default\">\n\t\t\t\t<div class=\"elementor-widget-container\">\n\t\t\t\t\t\t\t<div class=\"elementor-spacer\">\n\t\t\t<div class=\"elementor-spacer-inner\"><\/div>\n\t\t<\/div>\n\t\t\t\t\t\t<\/div>\n\t\t\t\t<\/div>\n\t\t\t\t\t<\/div>\n\t\t<\/div>\n\t\t\t\t<div class=\"elementor-column elementor-col-50 elementor-inner-column elementor-element elementor-element-7ca9c8e\" data-id=\"7ca9c8e\" data-element_type=\"column\" data-e-type=\"column\" data-settings=\"{&quot;background_background&quot;:&quot;classic&quot;}\">\n\t\t\t<div class=\"elementor-widget-wrap elementor-element-populated\">\n\t\t\t\t\t\t<div class=\"elementor-element elementor-element-ab61fc7 elementor-widget elementor-widget-heading\" data-id=\"ab61fc7\" data-element_type=\"widget\" data-e-type=\"widget\" data-widget_type=\"heading.default\">\n\t\t\t\t<div class=\"elementor-widget-container\">\n\t\t\t\t\t<h2 class=\"elementor-heading-title elementor-size-default\">Workshops<\/h2>\t\t\t\t<\/div>\n\t\t\t\t<\/div>\n\t\t\t\t<div class=\"elementor-element elementor-element-2aac856 elementor-widget elementor-widget-text-editor\" data-id=\"2aac856\" data-element_type=\"widget\" data-e-type=\"widget\" data-widget_type=\"text-editor.default\">\n\t\t\t\t<div class=\"elementor-widget-container\">\n\t\t\t\t\t\t\t\t\t<p>Every organization has its own characteristics and therefore has specific requirements for Intelligence training. In customized workshops, I train your employees in specifically defined areas of structured analysis. Through personal exchange, skills are imparted and typical analysis questions are answered using a real-world project. This allows your staff to integrate what they have learned directly into their daily work, which has a lasting effect on their analytical skills.<\/p>\t\t\t\t\t\t\t\t<\/div>\n\t\t\t\t<\/div>\n\t\t\t\t<div class=\"elementor-element elementor-element-bdb5d16 elementor-widget__width-inherit elementor-align-left elementor-tablet-align-left elementor-mobile-align-justify elementor-widget elementor-widget-button\" data-id=\"bdb5d16\" data-element_type=\"widget\" data-e-type=\"widget\" data-widget_type=\"button.default\">\n\t\t\t\t<div class=\"elementor-widget-container\">\n\t\t\t\t\t\t\t\t\t<div class=\"elementor-button-wrapper\">\n\t\t\t\t\t<a class=\"elementor-button elementor-button-link elementor-size-md elementor-animation-grow\" href=\"https:\/\/strukturierteanalysedeutschland.de\/en\/kontakt\/\">\n\t\t\t\t\t\t<span class=\"elementor-button-content-wrapper\">\n\t\t\t\t\t\t<span class=\"elementor-button-icon\">\n\t\t\t\t<i aria-hidden=\"true\" class=\"fas fa-angle-right\"><\/i>\t\t\t<\/span>\n\t\t\t\t\t\t\t\t\t<span class=\"elementor-button-text\">Send Request<\/span>\n\t\t\t\t\t<\/span>\n\t\t\t\t\t<\/a>\n\t\t\t\t<\/div>\n\t\t\t\t\t\t\t\t<\/div>\n\t\t\t\t<\/div>\n\t\t\t\t\t<\/div>\n\t\t<\/div>\n\t\t\t\t\t<\/div>\n\t\t<\/section>\n\t\t\t\t<section class=\"elementor-section elementor-inner-section elementor-element elementor-element-a110e81 elementor-section-boxed elementor-section-height-default elementor-section-height-default\" data-id=\"a110e81\" data-element_type=\"section\" data-e-type=\"section\">\n\t\t\t\t\t\t<div class=\"elementor-container elementor-column-gap-default\">\n\t\t\t\t\t<div class=\"elementor-column elementor-col-50 elementor-inner-column elementor-element elementor-element-d40c3b7\" data-id=\"d40c3b7\" data-element_type=\"column\" data-e-type=\"column\" data-settings=\"{&quot;background_background&quot;:&quot;classic&quot;}\">\n\t\t\t<div class=\"elementor-widget-wrap elementor-element-populated\">\n\t\t\t\t\t\t<div class=\"elementor-element elementor-element-176a1cc elementor-widget elementor-widget-heading\" data-id=\"176a1cc\" data-element_type=\"widget\" data-e-type=\"widget\" data-widget_type=\"heading.default\">\n\t\t\t\t<div class=\"elementor-widget-container\">\n\t\t\t\t\t<h2 class=\"elementor-heading-title elementor-size-default\">MENTORING AND COUNSELING<\/h2>\t\t\t\t<\/div>\n\t\t\t\t<\/div>\n\t\t\t\t<div class=\"elementor-element elementor-element-266e845 elementor-widget elementor-widget-text-editor\" data-id=\"266e845\" data-element_type=\"widget\" data-e-type=\"widget\" data-widget_type=\"text-editor.default\">\n\t\t\t\t<div class=\"elementor-widget-container\">\n\t\t\t\t\t\t\t\t\t<p>Is your analysis project stuck or do you want to transform your department? Together we will find ways to get your project on the right track or to rethink your unit.<\/p>\t\t\t\t\t\t\t\t<\/div>\n\t\t\t\t<\/div>\n\t\t\t\t<div class=\"elementor-element elementor-element-03fb113 elementor-widget__width-inherit elementor-align-left elementor-tablet-align-left elementor-mobile-align-justify elementor-widget elementor-widget-button\" data-id=\"03fb113\" data-element_type=\"widget\" data-e-type=\"widget\" data-widget_type=\"button.default\">\n\t\t\t\t<div class=\"elementor-widget-container\">\n\t\t\t\t\t\t\t\t\t<div class=\"elementor-button-wrapper\">\n\t\t\t\t\t<a class=\"elementor-button elementor-button-link elementor-size-md elementor-animation-grow\" href=\"https:\/\/strukturierteanalysedeutschland.de\/en\/kontakt\/\">\n\t\t\t\t\t\t<span class=\"elementor-button-content-wrapper\">\n\t\t\t\t\t\t<span class=\"elementor-button-icon\">\n\t\t\t\t<i aria-hidden=\"true\" class=\"fas fa-angle-right\"><\/i>\t\t\t<\/span>\n\t\t\t\t\t\t\t\t\t<span class=\"elementor-button-text\">Send Request<\/span>\n\t\t\t\t\t<\/span>\n\t\t\t\t\t<\/a>\n\t\t\t\t<\/div>\n\t\t\t\t\t\t\t\t<\/div>\n\t\t\t\t<\/div>\n\t\t\t\t\t<\/div>\n\t\t<\/div>\n\t\t\t\t<div class=\"elementor-column elementor-col-50 elementor-inner-column elementor-element elementor-element-74894f9\" data-id=\"74894f9\" data-element_type=\"column\" data-e-type=\"column\" data-settings=\"{&quot;background_background&quot;:&quot;classic&quot;}\">\n\t\t\t<div class=\"elementor-widget-wrap elementor-element-populated\">\n\t\t\t\t\t\t<div class=\"elementor-element elementor-element-82e9a89 elementor-widget elementor-widget-spacer\" data-id=\"82e9a89\" data-element_type=\"widget\" data-e-type=\"widget\" data-widget_type=\"spacer.default\">\n\t\t\t\t<div class=\"elementor-widget-container\">\n\t\t\t\t\t\t\t<div class=\"elementor-spacer\">\n\t\t\t<div class=\"elementor-spacer-inner\"><\/div>\n\t\t<\/div>\n\t\t\t\t\t\t<\/div>\n\t\t\t\t<\/div>\n\t\t\t\t\t<\/div>\n\t\t<\/div>\n\t\t\t\t\t<\/div>\n\t\t<\/section>\n\t\t\t\t\t<\/div>\n\t\t<\/div>\n\t\t\t\t\t<\/div>\n\t\t<\/section>\n\t\t\t\t<section class=\"elementor-section elementor-top-section elementor-element elementor-element-361d486 elementor-section-full_width elementor-section-height-default elementor-section-height-default\" data-id=\"361d486\" data-element_type=\"section\" data-e-type=\"section\" data-settings=\"{&quot;background_background&quot;:&quot;classic&quot;}\">\n\t\t\t\t\t\t<div class=\"elementor-container elementor-column-gap-default\">\n\t\t\t\t\t<div class=\"elementor-column elementor-col-100 elementor-top-column elementor-element elementor-element-59969d5\" data-id=\"59969d5\" data-element_type=\"column\" data-e-type=\"column\" data-settings=\"{&quot;background_background&quot;:&quot;classic&quot;}\">\n\t\t\t<div class=\"elementor-widget-wrap elementor-element-populated\">\n\t\t\t\t\t<div class=\"elementor-background-overlay\"><\/div>\n\t\t\t\t\t\t<div class=\"elementor-element elementor-element-678cd01 elementor-widget elementor-widget-heading\" data-id=\"678cd01\" data-element_type=\"widget\" data-e-type=\"widget\" data-widget_type=\"heading.default\">\n\t\t\t\t<div class=\"elementor-widget-container\">\n\t\t\t\t\t<h2 class=\"elementor-heading-title elementor-size-default\">Please contact us for your individual offer <\/h2>\t\t\t\t<\/div>\n\t\t\t\t<\/div>\n\t\t\t\t<div class=\"elementor-element elementor-element-38d6cc0 elementor-widget elementor-widget-heading\" data-id=\"38d6cc0\" data-element_type=\"widget\" data-e-type=\"widget\" data-widget_type=\"heading.default\">\n\t\t\t\t<div class=\"elementor-widget-container\">\n\t\t\t\t\t<h3 class=\"elementor-heading-title elementor-size-default\">WE LOOK FORWARD TO SUPPORTING YOU<\/h3>\t\t\t\t<\/div>\n\t\t\t\t<\/div>\n\t\t\t\t<div class=\"elementor-element elementor-element-d34dd7c elementor-align-center elementor-widget__width-auto elementor-widget elementor-widget-button\" data-id=\"d34dd7c\" data-element_type=\"widget\" data-e-type=\"widget\" data-widget_type=\"button.default\">\n\t\t\t\t<div class=\"elementor-widget-container\">\n\t\t\t\t\t\t\t\t\t<div class=\"elementor-button-wrapper\">\n\t\t\t\t\t<a class=\"elementor-button elementor-button-link elementor-size-sm elementor-animation-sink\" href=\"https:\/\/strukturierteanalysedeutschland.de\/en\/kontakt\/\">\n\t\t\t\t\t\t<span class=\"elementor-button-content-wrapper\">\n\t\t\t\t\t\t<span class=\"elementor-button-icon\">\n\t\t\t\t<i aria-hidden=\"true\" class=\"fas fa-envelope\"><\/i>\t\t\t<\/span>\n\t\t\t\t\t\t\t\t\t<span class=\"elementor-button-text\">Send us an E-Mail<\/span>\n\t\t\t\t\t<\/span>\n\t\t\t\t\t<\/a>\n\t\t\t\t<\/div>\n\t\t\t\t\t\t\t\t<\/div>\n\t\t\t\t<\/div>\n\t\t\t\t\t<\/div>\n\t\t<\/div>\n\t\t\t\t\t<\/div>\n\t\t<\/section>\n\t\t\t\t<\/div>","protected":false},"excerpt":{"rendered":"<p>Angebote training In unseren Trainings bieten wir Ihnen die M\u00f6glichkeit, sich im gesamten Spektrum der Analyse fortzubilden und zu wachsen. Im Mittelpunkt stehen das fundierte Vermitteln von nachhaltigen Kompetenzen, sowie \u00dcbung und Austausch zwischen den Trainingsteilnehmenden. Im Portfolio befinden sich sowohl analoge als auch digitale Lernformate, die f\u00fcr ansprechende Abwechslung und h\u00f6chstm\u00f6gliche Flexibilit\u00e4t sorgen. Der [&hellip;]<\/p>\n","protected":false},"author":1,"featured_media":0,"parent":0,"menu_order":0,"comment_status":"closed","ping_status":"closed","template":"elementor_header_footer","meta":{"footnotes":""},"class_list":["post-483","page","type-page","status-publish","hentry"],"yoast_head":"<!-- This site is optimized with the Yoast SEO plugin v27.3 - https:\/\/yoast.com\/product\/yoast-seo-wordpress\/ -->\n<title>Entdecken Sie unsere Angebote - Strukturierte Analyse Deutschland<\/title>\n<meta name=\"description\" content=\"Wir bieten Ihnen Onlinetrainings, Workshop, Mentoring und Beratung an. Tauchen Sie ein in die Welt der Strukturierten Analyse Deutschland.\" \/>\n<meta name=\"robots\" content=\"index, follow, max-snippet:-1, max-image-preview:large, max-video-preview:-1\" \/>\n<link rel=\"canonical\" href=\"https:\/\/strukturierteanalysedeutschland.de\/en\/angebote\/\" \/>\n<meta property=\"og:locale\" content=\"en_GB\" \/>\n<meta property=\"og:type\" content=\"article\" \/>\n<meta property=\"og:title\" content=\"Entdecken Sie unsere Angebote - Strukturierte Analyse Deutschland\" \/>\n<meta property=\"og:description\" content=\"Wir bieten Ihnen Onlinetrainings, Workshop, Mentoring und Beratung an. Tauchen Sie ein in die Welt der Strukturierten Analyse Deutschland.\" \/>\n<meta property=\"og:url\" content=\"https:\/\/strukturierteanalysedeutschland.de\/en\/angebote\/\" \/>\n<meta property=\"og:site_name\" content=\"Strukturierte Analyse Deutschland\" \/>\n<meta property=\"article:modified_time\" content=\"2024-10-15T10:02:54+00:00\" \/>\n<meta name=\"twitter:card\" content=\"summary_large_image\" \/>\n<meta name=\"twitter:label1\" content=\"Estimated reading time\" \/>\n\t<meta name=\"twitter:data1\" content=\"2 minutes\" \/>\n<script type=\"application\/ld+json\" class=\"yoast-schema-graph\">{\"@context\":\"https:\\\/\\\/schema.org\",\"@graph\":[{\"@type\":\"WebPage\",\"@id\":\"https:\\\/\\\/strukturierteanalysedeutschland.de\\\/angebote\\\/\",\"url\":\"https:\\\/\\\/strukturierteanalysedeutschland.de\\\/angebote\\\/\",\"name\":\"Entdecken Sie unsere Angebote - Strukturierte Analyse Deutschland\",\"isPartOf\":{\"@id\":\"https:\\\/\\\/strukturierteanalysedeutschland.de\\\/#website\"},\"datePublished\":\"2021-06-21T14:06:30+00:00\",\"dateModified\":\"2024-10-15T10:02:54+00:00\",\"description\":\"Wir bieten Ihnen Onlinetrainings, Workshop, Mentoring und Beratung an. Tauchen Sie ein in die Welt der Strukturierten Analyse Deutschland.\",\"breadcrumb\":{\"@id\":\"https:\\\/\\\/strukturierteanalysedeutschland.de\\\/angebote\\\/#breadcrumb\"},\"inLanguage\":\"en-GB\",\"potentialAction\":[{\"@type\":\"ReadAction\",\"target\":[\"https:\\\/\\\/strukturierteanalysedeutschland.de\\\/angebote\\\/\"]}]},{\"@type\":\"BreadcrumbList\",\"@id\":\"https:\\\/\\\/strukturierteanalysedeutschland.de\\\/angebote\\\/#breadcrumb\",\"itemListElement\":[{\"@type\":\"ListItem\",\"position\":1,\"name\":\"Startseite\",\"item\":\"https:\\\/\\\/strukturierteanalysedeutschland.de\\\/\"},{\"@type\":\"ListItem\",\"position\":2,\"name\":\"Angebote\"}]},{\"@type\":\"WebSite\",\"@id\":\"https:\\\/\\\/strukturierteanalysedeutschland.de\\\/#website\",\"url\":\"https:\\\/\\\/strukturierteanalysedeutschland.de\\\/\",\"name\":\"Strukturierte Analyse Deutschland\",\"description\":\"Intelligence makes the Difference\",\"publisher\":{\"@id\":\"https:\\\/\\\/strukturierteanalysedeutschland.de\\\/#organization\"},\"potentialAction\":[{\"@type\":\"SearchAction\",\"target\":{\"@type\":\"EntryPoint\",\"urlTemplate\":\"https:\\\/\\\/strukturierteanalysedeutschland.de\\\/?s={search_term_string}\"},\"query-input\":{\"@type\":\"PropertyValueSpecification\",\"valueRequired\":true,\"valueName\":\"search_term_string\"}}],\"inLanguage\":\"en-GB\"},{\"@type\":\"Organization\",\"@id\":\"https:\\\/\\\/strukturierteanalysedeutschland.de\\\/#organization\",\"name\":\"Strukturierte Analyse Deutschland\",\"url\":\"https:\\\/\\\/strukturierteanalysedeutschland.de\\\/\",\"logo\":{\"@type\":\"ImageObject\",\"inLanguage\":\"en-GB\",\"@id\":\"https:\\\/\\\/strukturierteanalysedeutschland.de\\\/#\\\/schema\\\/logo\\\/image\\\/\",\"url\":\"https:\\\/\\\/strukturierteanalysedeutschland.de\\\/wp-content\\\/uploads\\\/2021\\\/07\\\/cropped-Logo_02.png\",\"contentUrl\":\"https:\\\/\\\/strukturierteanalysedeutschland.de\\\/wp-content\\\/uploads\\\/2021\\\/07\\\/cropped-Logo_02.png\",\"width\":500,\"height\":143,\"caption\":\"Strukturierte Analyse Deutschland\"},\"image\":{\"@id\":\"https:\\\/\\\/strukturierteanalysedeutschland.de\\\/#\\\/schema\\\/logo\\\/image\\\/\"}}]}<\/script>\n<!-- \/ Yoast SEO plugin. -->","yoast_head_json":{"title":"Entdecken Sie unsere Angebote - Strukturierte Analyse Deutschland","description":"Wir bieten Ihnen Onlinetrainings, Workshop, Mentoring und Beratung an. Tauchen Sie ein in die Welt der Strukturierten Analyse Deutschland.","robots":{"index":"index","follow":"follow","max-snippet":"max-snippet:-1","max-image-preview":"max-image-preview:large","max-video-preview":"max-video-preview:-1"},"canonical":"https:\/\/strukturierteanalysedeutschland.de\/en\/angebote\/","og_locale":"en_GB","og_type":"article","og_title":"Entdecken Sie unsere Angebote - Strukturierte Analyse Deutschland","og_description":"Wir bieten Ihnen Onlinetrainings, Workshop, Mentoring und Beratung an. Tauchen Sie ein in die Welt der Strukturierten Analyse Deutschland.","og_url":"https:\/\/strukturierteanalysedeutschland.de\/en\/angebote\/","og_site_name":"Strukturierte Analyse Deutschland","article_modified_time":"2024-10-15T10:02:54+00:00","twitter_card":"summary_large_image","twitter_misc":{"Estimated reading time":"2 minutes"},"schema":{"@context":"https:\/\/schema.org","@graph":[{"@type":"WebPage","@id":"https:\/\/strukturierteanalysedeutschland.de\/angebote\/","url":"https:\/\/strukturierteanalysedeutschland.de\/angebote\/","name":"Entdecken Sie unsere Angebote - Strukturierte Analyse Deutschland","isPartOf":{"@id":"https:\/\/strukturierteanalysedeutschland.de\/#website"},"datePublished":"2021-06-21T14:06:30+00:00","dateModified":"2024-10-15T10:02:54+00:00","description":"Wir bieten Ihnen Onlinetrainings, Workshop, Mentoring und Beratung an. Tauchen Sie ein in die Welt der Strukturierten Analyse Deutschland.","breadcrumb":{"@id":"https:\/\/strukturierteanalysedeutschland.de\/angebote\/#breadcrumb"},"inLanguage":"en-GB","potentialAction":[{"@type":"ReadAction","target":["https:\/\/strukturierteanalysedeutschland.de\/angebote\/"]}]},{"@type":"BreadcrumbList","@id":"https:\/\/strukturierteanalysedeutschland.de\/angebote\/#breadcrumb","itemListElement":[{"@type":"ListItem","position":1,"name":"Startseite","item":"https:\/\/strukturierteanalysedeutschland.de\/"},{"@type":"ListItem","position":2,"name":"Angebote"}]},{"@type":"WebSite","@id":"https:\/\/strukturierteanalysedeutschland.de\/#website","url":"https:\/\/strukturierteanalysedeutschland.de\/","name":"Strukturierte Analyse Deutschland","description":"Intelligence makes the Difference","publisher":{"@id":"https:\/\/strukturierteanalysedeutschland.de\/#organization"},"potentialAction":[{"@type":"SearchAction","target":{"@type":"EntryPoint","urlTemplate":"https:\/\/strukturierteanalysedeutschland.de\/?s={search_term_string}"},"query-input":{"@type":"PropertyValueSpecification","valueRequired":true,"valueName":"search_term_string"}}],"inLanguage":"en-GB"},{"@type":"Organization","@id":"https:\/\/strukturierteanalysedeutschland.de\/#organization","name":"Strukturierte Analyse Deutschland","url":"https:\/\/strukturierteanalysedeutschland.de\/","logo":{"@type":"ImageObject","inLanguage":"en-GB","@id":"https:\/\/strukturierteanalysedeutschland.de\/#\/schema\/logo\/image\/","url":"https:\/\/strukturierteanalysedeutschland.de\/wp-content\/uploads\/2021\/07\/cropped-Logo_02.png","contentUrl":"https:\/\/strukturierteanalysedeutschland.de\/wp-content\/uploads\/2021\/07\/cropped-Logo_02.png","width":500,"height":143,"caption":"Strukturierte Analyse Deutschland"},"image":{"@id":"https:\/\/strukturierteanalysedeutschland.de\/#\/schema\/logo\/image\/"}}]}},"_links":{"self":[{"href":"https:\/\/strukturierteanalysedeutschland.de\/en\/wp-json\/wp\/v2\/pages\/483","targetHints":{"allow":["GET"]}}],"collection":[{"href":"https:\/\/strukturierteanalysedeutschland.de\/en\/wp-json\/wp\/v2\/pages"}],"about":[{"href":"https:\/\/strukturierteanalysedeutschland.de\/en\/wp-json\/wp\/v2\/types\/page"}],"author":[{"embeddable":true,"href":"https:\/\/strukturierteanalysedeutschland.de\/en\/wp-json\/wp\/v2\/users\/1"}],"replies":[{"embeddable":true,"href":"https:\/\/strukturierteanalysedeutschland.de\/en\/wp-json\/wp\/v2\/comments?post=483"}],"version-history":[{"count":146,"href":"https:\/\/strukturierteanalysedeutschland.de\/en\/wp-json\/wp\/v2\/pages\/483\/revisions"}],"predecessor-version":[{"id":5105,"href":"https:\/\/strukturierteanalysedeutschland.de\/en\/wp-json\/wp\/v2\/pages\/483\/revisions\/5105"}],"wp:attachment":[{"href":"https:\/\/strukturierteanalysedeutschland.de\/en\/wp-json\/wp\/v2\/media?parent=483"}],"curies":[{"name":"wp","href":"https:\/\/api.w.org\/{rel}","templated":true}]}}